{"id":3286,"date":"2022-08-06T10:31:39","date_gmt":"2022-08-06T14:31:39","guid":{"rendered":"https:\/\/westindies-assistance.com\/informacion-legal\/"},"modified":"2023-01-08T05:00:31","modified_gmt":"2023-01-08T09:00:31","slug":"informacion-legal","status":"publish","type":"page","link":"https:\/\/westindies-assistance.com\/es\/informacion-legal\/","title":{"rendered":"Aviso legal y pol\u00edtica de privacidad"},"content":{"rendered":"\t\t<div data-elementor-type=\"wp-page\" data-elementor-id=\"3286\" class=\"elementor elementor-3286 elementor-18\" data-elementor-post-type=\"page\">\n\t\t\t\t\t\t<section class=\"elementor-section elementor-top-section elementor-element elementor-element-8e7a2c5 elementor-section-boxed elementor-section-height-default elementor-section-height-default\" data-id=\"8e7a2c5\" data-element_type=\"section\" data-e-type=\"section\">\n\t\t\t\t\t\t<div class=\"elementor-container elementor-column-gap-default\">\n\t\t\t\t\t<div class=\"elementor-column elementor-col-100 elementor-top-column elementor-element elementor-element-ea8f5e1\" data-id=\"ea8f5e1\" data-element_type=\"column\" data-e-type=\"column\">\n\t\t\t<div class=\"elementor-widget-wrap elementor-element-populated\">\n\t\t\t\t\t\t<div class=\"elementor-element elementor-element-d498e6c elementor-widget elementor-widget-text-editor\" data-id=\"d498e6c\" data-element_type=\"widget\" data-e-type=\"widget\" data-widget_type=\"text-editor.default\">\n\t\t\t\t<div class=\"elementor-widget-container\">\n\t\t\t\t\t\t\t\t\t<p><\/p>\n<p><\/p>\n<p>El sitio web  <a href=\"https:\/\/westindies-assistance.com\/es\/\" target=\"_blank\" rel=\"noreferrer noopener\">https:\/\/westindies-assistance.com\/<\/a>  es publicado por  <strong>INTERNATIONAL WEST INDIES ASSISTANCE SARL<\/strong>,  <strong>sociedad de responsabilidad limitada,<\/strong>  con un capital social de 10.000 euros, inscrita en el RCS de Fort-de-France con el n\u00famero 493469548, con domicilio social en 4 All\u00e9e des Perruches 92200 Fort-de-France, dirigida por la Sra. Diane Heckel, en lo sucesivo denominada  <strong>El Director<\/strong>.  <\/p>\n<p><\/p>\n<p>Director de la publicaci\u00f3n: <strong>El Director<\/strong> de International West Indies Assistance SARL  <\/p>\n<p><\/p>\n<p>Tel\u00e9fono de contacto: <strong>+596 596 70 18 89<\/strong> <\/p>\n<p><\/p>\n<p>Correo electr\u00f3nico de contacto: <strong>contact[@]westindies-assistance.com<\/strong> <\/p>\n<p><\/p>\n<p>El sitio web <a href=\"https:\/\/www.altosor-communication.com\/guyane\/\" target=\"_blank\" rel=\"noreferrer noopener\">\n  <strong>https:\/\/westindies-assistance.com\/<\/strong>\n<\/a> est\u00e1 alojado en la empresa O2 Switch, situada CHE DES PARDIAUX 63000 CLERMONT-FERRAND Siret : 510 909 80700024 &#8211; RCS Clermont Ferrand  <\/p>\n<p><\/p>\n<h2><strong>PROPIEDAD INTELECTUAL<\/strong> <\/h2>\n<p><\/p>\n<p>Todos los elementos que componen el sitio <a href=\"https:\/\/altosor-communication.com\/guadeloupe\/\" target=\"_blank\" rel=\"noreferrer noopener\">\n  <strong>https:\/\/westindies-assistance.com\/<\/strong>\n<\/a> (textos, nombre de dominio, im\u00e1genes, carta gr\u00e1fica, logotipo, base de datos, etc.) est\u00e1n estrictamente protegidos por los derechos de propiedad intelectual y competencia desleal, y son propiedad exclusiva de <strong>SARL INTERNATIONAL WEST INDIES ASSISTANCE<\/strong>.  <\/p>\n<p><\/p>\n<p>Cualquier reproducci\u00f3n o representaci\u00f3n total o parcial del sitio web <a href=\"https:\/\/altosor-communication.com\/guadeloupe\/\" target=\"_blank\" rel=\"noreferrer noopener\">\n  <strong>https:\/\/westindies-assistance.com\/<\/strong>\n<\/a> y\/o de uno o varios de sus elementos, salvo autorizaci\u00f3n previa por escrito de <strong>SARL INTERNATIONAL WEST INDIES ASSISTANCE<\/strong>.  <\/p>\n<p><\/p>\n<h2><strong>PROTECCI\u00d3N DE DATOS PERSONALES<\/strong> <\/h2>\n<p><\/p>\n<h3><strong>Recogida, tratamiento y almacenamiento.<\/strong>  <\/h3>\n<p><\/p>\n<p> <strong>SARL INTERNATIONAL WEST INDIES ASSISTANCE<\/strong> recopila informaci\u00f3n y datos personales cuando usted rellena una solicitud de presupuesto a trav\u00e9s del formulario disponible en el sitio web <strong>https:\/\/westindies-assistance.com\/<\/strong>.  <\/p>\n<p><\/p>\n<p>El tratamiento de los datos personales se basa en el inter\u00e9s leg\u00edtimo de <strong>SARL INTERNATIONAL WEST INDIES ASSISTANCE<\/strong> de poder identificarle y ponerse en contacto con usted,  <br>y responder a sus solicitudes de presupuesto y\/o informaci\u00f3n. Los datos personales se conservan mientras dure la relaci\u00f3n  <br>cliente, m\u00e1s un retraso de 5 a\u00f1os.  <\/p>\n<p><\/p>\n<p>En lo que respecta a los datos personales de los clientes potenciales que no han encargado a <strong>SARL INTERNATIONAL WEST INDIES ASSISTANCE<\/strong> ninguna de sus actividades, los datos se conservan durante un periodo de 3 a\u00f1os a partir del d\u00eda en que se cumpliment\u00f3 y envi\u00f3 el formulario de la empresa.  <\/p>\n<p><\/p>\n<h2><strong>Derechos<\/strong>.  <\/h2>\n<p><\/p>\n<p>De conformidad con la Ley francesa de Protecci\u00f3n de Datos n\u00b078-17 de 6 de enero de 1978 modificada y el Reglamento General de Protecci\u00f3n de Datos 2016\/679 (conocido como: \u00abRGPD\u00bb), usted tiene derecho a acceder, limitar, modificar, rectificar, oponerse y suprimir los datos que le conciernen.  <\/p>\n<p><\/p>\n<p>Dicha solicitud deber\u00e1 dirigirse al<strong> Director<\/strong> a la siguiente direcci\u00f3n de correo electr\u00f3nico <strong>INTERNATIONAL WEST INDIES ASSISTANCE SARL<\/strong> <\/p>\n<p><\/p>\n<p>Teniendo en cuenta la obligaci\u00f3n de seguridad y confidencialidad a la que est\u00e1 obligada <strong>SARL INTERNATIONAL WEST INDIES ASSISTANCE<\/strong> en el tratamiento de los datos de car\u00e1cter personal, el Responsable  <br>puede exigir pruebas de su identidad. Si existen dudas razonables sobre su identidad, pueden pedirle que facilite  <br>una copia de un documento de identidad (carn\u00e9 de identidad, pasaporte, permiso de conducir).  <\/p>\n<p><\/p>\n<p><strong>El Director<\/strong> responder\u00e1 en el plazo de un mes a partir de la recepci\u00f3n de su solicitud.  <\/p>\n<p><\/p>\n<h2><strong>Confidencialidad<\/strong>.  <\/h2>\n<p><\/p>\n<p><strong>SARL INTERNATIONAL WEST INDIES ASSISTANCE<\/strong> es el \u00fanico propietario de la informaci\u00f3n recogida en el sitio web <strong>https:\/\/westindies-assistance.com\/<\/strong>. Sus datos personales no se vender\u00e1n, intercambiar\u00e1n, transferir\u00e1n ni ceder\u00e1n a otra empresa con fines comerciales sin su consentimiento.  <\/p>\n<p><\/p>\n<p>No obstante, estos datos podr\u00e1n ser confiados a subcontratistas para la correcta ejecuci\u00f3n de los servicios ofrecidos en el sitio o a terceros encargados de la gesti\u00f3n  <br>y\/o el funcionamiento del sitio, que en ning\u00fan caso est\u00e1n autorizados a utilizar para fines ajenos al estricto \u00e1mbito de su misi\u00f3n ni a vender,  <br>intercambiar o transferir sus datos a terceros.  <\/p>\n<p><\/p>\n<p>Sus datos personales s\u00f3lo podr\u00e1n divulgarse en cumplimiento de una ley, reglamento u orden judicial.  <\/p>\n<p><\/p>\n<h2><strong>Galletas<\/strong>.  <\/h2>\n<p><\/p>\n<p>Cuando se conecte al sitio web <strong>https:\/\/westindies-assistance.com\/,<\/strong> <strong>SARL INTERNATIONAL WEST INDIES ASSISTANCE<\/strong> podr\u00e1 instalar una cookie en el disco duro de su terminal con el fin de garantizarle una navegaci\u00f3n fluida y \u00f3ptima.  <\/p>\n<p><\/p>\n<p>Las \u00abcookies\u00bb permiten a <strong>SARL INTERNATIONAL WEST INDIES ASSISTANCE<\/strong> reconocer su ordenador, tableta o tel\u00e9fono m\u00f3vil cuando se desplaza.  <br>Con el fin de personalizar los servicios ofrecidos a trav\u00e9s del sitio web de la empresa.  <\/p>\n<p><\/p>\n<p>Para informarle de ello, aparece un banner en la parte inferior de su pantalla cuando se conecta al sitio web. Puede rechazar el dep\u00f3sito de cookies en su terminal en cualquier momento configurando su navegador de Internet. En tal caso, <strong>SARL INTERNATIONAL WEST INDIES ASSISTANCE<\/strong>  no puede, sin embargo, garantizar el funcionamiento \u00f3ptimo de su sitio web y no se hace responsable de las consecuencias vinculadas a la alteraci\u00f3n de sus condiciones de navegaci\u00f3n en el sitio resultantes de su elecci\u00f3n de rechazar o bloquear las cookies necesarias para su buen funcionamiento.  <\/p>\n<p><\/p>\n<p>Para guiarle en su configuraci\u00f3n, la CNIL ha desarrollado una p\u00e1gina dedicada al control de las cookies, que puede consultarse a trav\u00e9s del siguiente enlace: https:\/\/www.cnil.fr\/fr\/cookies-les-outils-pour-les-maitriser.  <\/p>\n<p><\/p>\n<p>De conformidad con las recomendaciones de la CNIL, las cookies estrictamente necesarias para el funcionamiento del sitio web no est\u00e1n sujetas a ninguna obligaci\u00f3n previa por su parte. Sin embargo, se requiere su consentimiento expreso previo para el uso de cookies emitidas por terceros, que est\u00e1n sujetas a sus pol\u00edticas de privacidad, que pueden consultarse en sus sitios web. Estas cookies pueden ser cookies de medici\u00f3n de audiencia, cookies publicitarias o cookies para compartir en redes sociales.  <\/p>\n<p><\/p>\n<h2><strong>Recurso.<\/strong>  <\/h2>\n<p><\/p>\n<p>Si considera que <strong>SARL INTERNATIONAL WEST INDIES ASSISTANCE<\/strong> no cumple con sus obligaciones en materia de recogida y tratamiento de sus datos personales, puede enviar una reclamaci\u00f3n a la CNIL por correo o por v\u00eda electr\u00f3nica a trav\u00e9s del siguiente enlace: https:\/\/www.cnil.fr\/fr\/plaintes\/internet.  <\/p>\n<p><\/p>\n<p><strong>&#8211; Enero 2023 &#8211;<\/strong> <\/p>\n<p><\/p>\t\t\t\t\t\t\t\t<\/div>\n\t\t\t\t<\/div>\n\t\t\t\t\t<\/div>\n\t\t<\/div>\n\t\t\t\t\t<\/div>\n\t\t<\/section>\n\t\t\t\t<\/div>\n\t\t","protected":false},"excerpt":{"rendered":"<p>El sitio web https:\/\/westindies-assistance.com\/ es publicado por INTERNATIONAL WEST INDIES ASSISTANCE SARL, sociedad de responsabilidad limitada, con un capital social de 10.000 euros, inscrita en el RCS de Fort-de-France con el n\u00famero 493469548, con domicilio social en 4 All\u00e9e des Perruches 92200 Fort-de-France, dirigida por la Sra. Diane Heckel, en lo sucesivo denominada El Director. [&hellip;]<\/p>\n","protected":false},"author":1,"featured_media":4122,"parent":0,"menu_order":0,"comment_status":"closed","ping_status":"closed","template":"","meta":{"footnotes":""},"class_list":["post-3286","page","type-page","status-publish","has-post-thumbnail","hentry"],"_links":{"self":[{"href":"https:\/\/westindies-assistance.com\/es\/wp-json\/wp\/v2\/pages\/3286","targetHints":{"allow":["GET"]}}],"collection":[{"href":"https:\/\/westindies-assistance.com\/es\/wp-json\/wp\/v2\/pages"}],"about":[{"href":"https:\/\/westindies-assistance.com\/es\/wp-json\/wp\/v2\/types\/page"}],"author":[{"embeddable":true,"href":"https:\/\/westindies-assistance.com\/es\/wp-json\/wp\/v2\/users\/1"}],"replies":[{"embeddable":true,"href":"https:\/\/westindies-assistance.com\/es\/wp-json\/wp\/v2\/comments?post=3286"}],"version-history":[{"count":4,"href":"https:\/\/westindies-assistance.com\/es\/wp-json\/wp\/v2\/pages\/3286\/revisions"}],"predecessor-version":[{"id":4955,"href":"https:\/\/westindies-assistance.com\/es\/wp-json\/wp\/v2\/pages\/3286\/revisions\/4955"}],"wp:featuredmedia":[{"embeddable":true,"href":"https:\/\/westindies-assistance.com\/es\/wp-json\/wp\/v2\/media\/4122"}],"wp:attachment":[{"href":"https:\/\/westindies-assistance.com\/es\/wp-json\/wp\/v2\/media?parent=3286"}],"curies":[{"name":"wp","href":"https:\/\/api.w.org\/{rel}","templated":true}]}}