{"id":3372,"date":"2022-08-30T10:51:48","date_gmt":"2022-08-30T14:51:48","guid":{"rendered":"https:\/\/westindies-assistance.com\/un-equipo-medico-al-servicio-de-nuestros-socios-internacionales\/"},"modified":"2022-11-13T07:13:38","modified_gmt":"2022-11-13T11:13:38","slug":"un-equipo-medico-al-servicio-de-nuestros-socios-internacionales","status":"publish","type":"page","link":"https:\/\/westindies-assistance.com\/es\/un-equipo-medico-al-servicio-de-nuestros-socios-internacionales\/","title":{"rendered":"Nuestros socios internacionales y equipos m\u00e9dicos a su servicio"},"content":{"rendered":"\t\t<div data-elementor-type=\"wp-page\" data-elementor-id=\"3372\" class=\"elementor elementor-3372 elementor-2123\" data-elementor-post-type=\"page\">\n\t\t\t\t\t\t<section class=\"elementor-section elementor-top-section elementor-element elementor-element-13ccc4f container elementor-section-boxed elementor-section-height-default elementor-section-height-default\" data-id=\"13ccc4f\" data-element_type=\"section\" data-e-type=\"section\">\n\t\t\t\t\t\t<div class=\"elementor-container elementor-column-gap-extended\">\n\t\t\t\t\t<div class=\"elementor-column elementor-col-100 elementor-top-column elementor-element elementor-element-60e3bf0\" data-id=\"60e3bf0\" data-element_type=\"column\" data-e-type=\"column\">\n\t\t\t<div class=\"elementor-widget-wrap elementor-element-populated\">\n\t\t\t\t\t\t<div class=\"elementor-element elementor-element-4ed7b67 elementor-widget elementor-widget-text-editor\" data-id=\"4ed7b67\" data-element_type=\"widget\" data-e-type=\"widget\" data-widget_type=\"text-editor.default\">\n\t\t\t\t<div class=\"elementor-widget-container\">\n\t\t\t\t\t\t\t\t\t<p><strong><em>Detr\u00e1s de cada repatriaci\u00f3n m\u00e9dica, ya sea en Francia o en el otro lado del mundo, un equipo de expertos atiende sus necesidades los 7 d\u00edas de la semana.<\/em><\/strong><\/p>\n<p>Est\u00e1n activos durante todo el proceso y son h\u00e9roes muy eficaces en la sombra, buscando la soluci\u00f3n m\u00e1s adecuada y menos costosa. Siga leyendo para saber m\u00e1s sobre nuestros clientes y socios.<\/p>\n\t\t\t\t\t\t\t\t<\/div>\n\t\t\t\t<\/div>\n\t\t\t\t<div class=\"elementor-element elementor-element-6401129 textmodule elementor-widget elementor-widget-text-editor\" data-id=\"6401129\" data-element_type=\"widget\" data-e-type=\"widget\" data-widget_type=\"text-editor.default\">\n\t\t\t\t<div class=\"elementor-widget-container\">\n\t\t\t\t\t\t\t\t\t<h2><strong>Clientes y socios<\/strong><\/h2>\n<p><strong><em><br \/>Repatriaciones m\u00e9dicas, evacuaciones m\u00e9dicas, evaluaciones sanitarias, organizaci\u00f3n y optimizaci\u00f3n de la atenci\u00f3n en centros acreditados, derivaciones, empresas, teleconsultas, viajes a\u00e9reos para equipos m\u00e9dicos, servicios de conserjer\u00eda m\u00e9dica<\/em><\/strong><\/p>\n<p>Con <strong>West Indies Assistance<\/strong>, su viaje est\u00e1 totalmente supervisado.<\/p>\n<p>De hecho, nuestra plataforma ha sido dise\u00f1ada espec\u00edficamente para permitir a nuestros clientes tener un impacto positivo en la salud de sus asegurados y empleados. Nuestras ofertas abarcan todos los aspectos de una atenci\u00f3n sanitaria personalizada y eficaz. \u00bfNuestra vocaci\u00f3n? Actuar en el mejor inter\u00e9s de los pacientes y de nuestros clientes, controlando al mismo tiempo los costes.  <\/p>\n<h3> <\/h3>\n\t\t\t\t\t\t\t\t<\/div>\n\t\t\t\t<\/div>\n\t\t\t\t<section class=\"elementor-section elementor-inner-section elementor-element elementor-element-7056423 elementor-section-boxed elementor-section-height-default elementor-section-height-default\" data-id=\"7056423\" data-element_type=\"section\" data-e-type=\"section\">\n\t\t\t\t\t\t<div class=\"elementor-container elementor-column-gap-extended\">\n\t\t\t\t\t<div class=\"elementor-column elementor-col-50 elementor-inner-column elementor-element elementor-element-fa14e69\" data-id=\"fa14e69\" data-element_type=\"column\" data-e-type=\"column\">\n\t\t\t<div class=\"elementor-widget-wrap elementor-element-populated\">\n\t\t\t\t\t\t<div class=\"elementor-element elementor-element-940ffe6 elementor-view-default elementor-widget elementor-widget-icon\" data-id=\"940ffe6\" data-element_type=\"widget\" data-e-type=\"widget\" data-widget_type=\"icon.default\">\n\t\t\t\t<div class=\"elementor-widget-container\">\n\t\t\t\t\t\t\t<div class=\"elementor-icon-wrapper\">\n\t\t\t<div class=\"elementor-icon\">\n\t\t\t<i aria-hidden=\"true\" class=\"fas fa-shield-virus\"><\/i>\t\t\t<\/div>\n\t\t<\/div>\n\t\t\t\t\t\t<\/div>\n\t\t\t\t<\/div>\n\t\t\t\t<div class=\"elementor-element elementor-element-065d0c5 elementor-widget elementor-widget-text-editor\" data-id=\"065d0c5\" data-element_type=\"widget\" data-e-type=\"widget\" data-widget_type=\"text-editor.default\">\n\t\t\t\t<div class=\"elementor-widget-container\">\n\t\t\t\t\t\t\t\t\t<h3><em><strong>Seguros y mutuas<\/strong><\/em><\/h3>\n<p><strong><br \/>Nuestra organizaci\u00f3n les apoya en la organizaci\u00f3n y optimizaci\u00f3n de su itinerario asistencial.<\/strong><\/p>\n<p>Con West Indies Assistance, las compa\u00f1\u00edas de seguros y las mutuas pueden ofrecer nuevos servicios personalizados para <strong>fidelizar a<\/strong> <strong>sus clientes<\/strong> y <strong>desarrollar su base de clientes<\/strong>.<\/p>\n<p>Por ejemplo, nos esforzamos por garantizar la seguridad de los empleados, expatriados y viajeros cuando se desplazan en caso de un problema m\u00e9dico.  <\/p>\n\t\t\t\t\t\t\t\t<\/div>\n\t\t\t\t<\/div>\n\t\t\t\t\t<\/div>\n\t\t<\/div>\n\t\t\t\t<div class=\"elementor-column elementor-col-50 elementor-inner-column elementor-element elementor-element-d8bce63\" data-id=\"d8bce63\" data-element_type=\"column\" data-e-type=\"column\">\n\t\t\t<div class=\"elementor-widget-wrap elementor-element-populated\">\n\t\t\t\t\t\t<div class=\"elementor-element elementor-element-a75f427 elementor-view-default elementor-widget elementor-widget-icon\" data-id=\"a75f427\" data-element_type=\"widget\" data-e-type=\"widget\" data-widget_type=\"icon.default\">\n\t\t\t\t<div class=\"elementor-widget-container\">\n\t\t\t\t\t\t\t<div class=\"elementor-icon-wrapper\">\n\t\t\t<div class=\"elementor-icon\">\n\t\t\t<i aria-hidden=\"true\" class=\"fas fa-hospital\"><\/i>\t\t\t<\/div>\n\t\t<\/div>\n\t\t\t\t\t\t<\/div>\n\t\t\t\t<\/div>\n\t\t\t\t<div class=\"elementor-element elementor-element-a84b9c7 elementor-widget elementor-widget-text-editor\" data-id=\"a84b9c7\" data-element_type=\"widget\" data-e-type=\"widget\" data-widget_type=\"text-editor.default\">\n\t\t\t\t<div class=\"elementor-widget-container\">\n\t\t\t\t\t\t\t\t\t<h3><strong>Hospitales y cl\u00ednicas<\/strong><\/h3>\n<p><strong><br \/>Varios establecimientos sanitarios acompa\u00f1an a los usuarios en Martinica y Guadalupe. Juntos trabajamos:<\/strong><\/p>\n<p>&#8211; El Hospital Universitario de Guadalupe<\/p>\n<p>&#8211; La Cl\u00ednica Saint-Paul de Martinica<\/p>\n<p>&#8211; Cl\u00ednica de Eaux-Claires en Guadalupe<\/p>\n<p>Estas estructuras son especialmente atractivas para los territorios vecinos que no siempre disponen de los equipos o estructuras ad hoc para tratar determinadas patolog\u00edas.<\/p>\n<p>Gracias a nuestras <strong>instituciones asociadas<\/strong>, podemos ofrecer soluciones tan relevantes como en Miami y a un coste mucho menor.<\/p>\n\t\t\t\t\t\t\t\t<\/div>\n\t\t\t\t<\/div>\n\t\t\t\t\t<\/div>\n\t\t<\/div>\n\t\t\t\t\t<\/div>\n\t\t<\/section>\n\t\t\t\t<section class=\"elementor-section elementor-inner-section elementor-element elementor-element-cb3039d elementor-section-boxed elementor-section-height-default elementor-section-height-default\" data-id=\"cb3039d\" data-element_type=\"section\" data-e-type=\"section\">\n\t\t\t\t\t\t<div class=\"elementor-container elementor-column-gap-extended\">\n\t\t\t\t\t<div class=\"elementor-column elementor-col-50 elementor-inner-column elementor-element elementor-element-d2ca219\" data-id=\"d2ca219\" data-element_type=\"column\" data-e-type=\"column\">\n\t\t\t<div class=\"elementor-widget-wrap elementor-element-populated\">\n\t\t\t\t\t\t<div class=\"elementor-element elementor-element-0572655 elementor-view-default elementor-widget elementor-widget-icon\" data-id=\"0572655\" data-element_type=\"widget\" data-e-type=\"widget\" data-widget_type=\"icon.default\">\n\t\t\t\t<div class=\"elementor-widget-container\">\n\t\t\t\t\t\t\t<div class=\"elementor-icon-wrapper\">\n\t\t\t<div class=\"elementor-icon\">\n\t\t\t<i aria-hidden=\"true\" class=\"fas fa-radiation\"><\/i>\t\t\t<\/div>\n\t\t<\/div>\n\t\t\t\t\t\t<\/div>\n\t\t\t\t<\/div>\n\t\t\t\t<div class=\"elementor-element elementor-element-992ec7f elementor-widget elementor-widget-text-editor\" data-id=\"992ec7f\" data-element_type=\"widget\" data-e-type=\"widget\" data-widget_type=\"text-editor.default\">\n\t\t\t\t<div class=\"elementor-widget-container\">\n\t\t\t\t\t\t\t\t\t<h3><strong>Tecnolog\u00eda m\u00e9dica: el ciclotr\u00f3n<\/strong><\/h3>\n<p>En Martinica, este <strong>acelerador de part\u00edculas<\/strong> producir\u00e1 energ\u00eda para crear radiois\u00f3topos. Se utilizar\u00e1n para fabricar radiof\u00e1rmacos en el laboratorio.<\/p>\n<p>Este dispositivo de \u00faltima generaci\u00f3n es una importante herramienta de diagn\u00f3stico.<\/p>\n<p><strong>Su establecimiento en la isla de las flores representa una importante oportunidad para el apoyo a los pacientes.<\/strong><\/p>\n\t\t\t\t\t\t\t\t<\/div>\n\t\t\t\t<\/div>\n\t\t\t\t\t<\/div>\n\t\t<\/div>\n\t\t\t\t<div class=\"elementor-column elementor-col-50 elementor-inner-column elementor-element elementor-element-4d46370\" data-id=\"4d46370\" data-element_type=\"column\" data-e-type=\"column\">\n\t\t\t<div class=\"elementor-widget-wrap elementor-element-populated\">\n\t\t\t\t\t\t<div class=\"elementor-element elementor-element-863d7f8 elementor-widget elementor-widget-image\" data-id=\"863d7f8\" data-element_type=\"widget\" data-e-type=\"widget\" data-widget_type=\"image.default\">\n\t\t\t\t<div class=\"elementor-widget-container\">\n\t\t\t\t\t\t\t\t\t\t\t\t\t\t\t<img fetchpriority=\"high\" decoding=\"async\" width=\"500\" height=\"400\" src=\"https:\/\/westindies-assistance.com\/wp-content\/uploads\/2022\/10\/Cyclotron-2.png\" class=\"attachment-full size-full wp-image-4109\" alt=\"\" srcset=\"https:\/\/westindies-assistance.com\/wp-content\/uploads\/2022\/10\/Cyclotron-2.png 500w, https:\/\/westindies-assistance.com\/wp-content\/uploads\/2022\/10\/Cyclotron-2-300x240.png 300w\" sizes=\"(max-width: 500px) 100vw, 500px\" \/>\t\t\t\t\t\t\t\t\t\t\t\t\t\t\t<\/div>\n\t\t\t\t<\/div>\n\t\t\t\t\t<\/div>\n\t\t<\/div>\n\t\t\t\t\t<\/div>\n\t\t<\/section>\n\t\t\t\t<section class=\"elementor-section elementor-inner-section elementor-element elementor-element-21372b8 elementor-section-boxed elementor-section-height-default elementor-section-height-default\" data-id=\"21372b8\" data-element_type=\"section\" data-e-type=\"section\">\n\t\t\t\t\t\t<div class=\"elementor-container elementor-column-gap-extended\">\n\t\t\t\t\t<div class=\"elementor-column elementor-col-50 elementor-inner-column elementor-element elementor-element-b9715aa\" data-id=\"b9715aa\" data-element_type=\"column\" data-e-type=\"column\">\n\t\t\t<div class=\"elementor-widget-wrap elementor-element-populated\">\n\t\t\t\t\t\t<div class=\"elementor-element elementor-element-40ab791 elementor-view-default elementor-widget elementor-widget-icon\" data-id=\"40ab791\" data-element_type=\"widget\" data-e-type=\"widget\" data-widget_type=\"icon.default\">\n\t\t\t\t<div class=\"elementor-widget-container\">\n\t\t\t\t\t\t\t<div class=\"elementor-icon-wrapper\">\n\t\t\t<div class=\"elementor-icon\">\n\t\t\t<i aria-hidden=\"true\" class=\"fas fa-building\"><\/i>\t\t\t<\/div>\n\t\t<\/div>\n\t\t\t\t\t\t<\/div>\n\t\t\t\t<\/div>\n\t\t\t\t<div class=\"elementor-element elementor-element-7e5dfba elementor-widget elementor-widget-text-editor\" data-id=\"7e5dfba\" data-element_type=\"widget\" data-e-type=\"widget\" data-widget_type=\"text-editor.default\">\n\t\t\t\t<div class=\"elementor-widget-container\">\n\t\t\t\t\t\t\t\t\t<h3><strong>Instituciones: Estado &#8211; Gobierno  <\/strong><\/h3>\n<p>Trabajamos junto a los programas de cooperaci\u00f3n para ayudar a desarrollar proyectos sanitarios internacionales que mejoren la calidad de la atenci\u00f3n a los ciudadanos,<\/p>\n<p><strong>En particular, en el contexto del acceso al futuro ciclotr\u00f3n.<\/strong><\/p>\n\t\t\t\t\t\t\t\t<\/div>\n\t\t\t\t<\/div>\n\t\t\t\t\t<\/div>\n\t\t<\/div>\n\t\t\t\t<div class=\"elementor-column elementor-col-50 elementor-inner-column elementor-element elementor-element-f330f8c\" data-id=\"f330f8c\" data-element_type=\"column\" data-e-type=\"column\">\n\t\t\t<div class=\"elementor-widget-wrap elementor-element-populated\">\n\t\t\t\t\t\t<div class=\"elementor-element elementor-element-2959532 elementor-view-default elementor-widget elementor-widget-icon\" data-id=\"2959532\" data-element_type=\"widget\" data-e-type=\"widget\" data-widget_type=\"icon.default\">\n\t\t\t\t<div class=\"elementor-widget-container\">\n\t\t\t\t\t\t\t<div class=\"elementor-icon-wrapper\">\n\t\t\t<div class=\"elementor-icon\">\n\t\t\t<i aria-hidden=\"true\" class=\"fas fa-user-injured\"><\/i>\t\t\t<\/div>\n\t\t<\/div>\n\t\t\t\t\t\t<\/div>\n\t\t\t\t<\/div>\n\t\t\t\t<div class=\"elementor-element elementor-element-43f8092 elementor-widget elementor-widget-text-editor\" data-id=\"43f8092\" data-element_type=\"widget\" data-e-type=\"widget\" data-widget_type=\"text-editor.default\">\n\t\t\t\t<div class=\"elementor-widget-container\">\n\t\t\t\t\t\t\t\t\t<h3><strong>Pacientes individuales<\/strong><\/h3>\n<p>Nos aseguramos de que los pacientes individuales tengan acceso a las <strong>mejores instalaciones m\u00e9dicas<\/strong> y los apoyamos en cada etapa de su <strong>viaje <\/strong><strong>m\u00e9dico en Martinica y Guadalupe<\/strong>. Trabajamos con nuestros socios m\u00e9dicos y no m\u00e9dicos para organizar y coordinar cada paso.<\/p>\n\t\t\t\t\t\t\t\t<\/div>\n\t\t\t\t<\/div>\n\t\t\t\t\t<\/div>\n\t\t<\/div>\n\t\t\t\t\t<\/div>\n\t\t<\/section>\n\t\t\t\t\t<\/div>\n\t\t<\/div>\n\t\t\t\t\t<\/div>\n\t\t<\/section>\n\t\t\t\t<section class=\"elementor-section elementor-top-section elementor-element elementor-element-6e2d773 elementor-section-boxed elementor-section-height-default elementor-section-height-default\" data-id=\"6e2d773\" data-element_type=\"section\" data-e-type=\"section\">\n\t\t\t\t\t\t<div class=\"elementor-container elementor-column-gap-default\">\n\t\t\t\t\t<div class=\"elementor-column elementor-col-100 elementor-top-column elementor-element elementor-element-e2ed64c\" data-id=\"e2ed64c\" data-element_type=\"column\" data-e-type=\"column\">\n\t\t\t<div class=\"elementor-widget-wrap elementor-element-populated\">\n\t\t\t\t\t\t<div class=\"elementor-element elementor-element-de04318 elementor-cta--skin-cover elementor-animated-content elementor-widget elementor-widget-call-to-action\" data-id=\"de04318\" data-element_type=\"widget\" data-e-type=\"widget\" data-widget_type=\"call-to-action.default\">\n\t\t\t\t<div class=\"elementor-widget-container\">\n\t\t\t\t\t\t\t<a class=\"elementor-cta\" href=\"https:\/\/westindies-assistance.com\/es\/contacte-con\/\">\n\t\t\t\t\t<div class=\"elementor-cta__bg-wrapper\">\n\t\t\t\t<div class=\"elementor-cta__bg elementor-bg lazyload\" style=\"background-image:inherit;\" role=\"img\" aria-label=\"wallpaper\" data-bg-image=\"url(https:\/\/westindies-assistance.com\/wp-content\/uploads\/2022\/10\/wallpaper.jpg)\"><\/div>\n\t\t\t\t<div class=\"elementor-cta__bg-overlay\"><\/div>\n\t\t\t<\/div>\n\t\t\t\t\t\t\t<div class=\"elementor-cta__content\">\n\t\t\t\t\n\t\t\t\t\t\t\t\t\t<h2 class=\"elementor-cta__title elementor-cta__content-item elementor-content-item elementor-animated-item--grow\">\n\t\t\t\t\t\tAsistencia de Westindies\t\t\t\t\t<\/h2>\n\t\t\t\t\n\t\t\t\t\t\t\t\t\t<div class=\"elementor-cta__description elementor-cta__content-item elementor-content-item elementor-animated-item--grow\">\n\t\t\t\t\t\t<p>\u00danase a nosotros<\/p>\n\t\t\t\t\t<\/div>\n\t\t\t\t\n\t\t\t\t\t\t\t<\/div>\n\t\t\t\t\t\t<\/a>\n\t\t\t\t\t\t<\/div>\n\t\t\t\t<\/div>\n\t\t\t\t\t<\/div>\n\t\t<\/div>\n\t\t\t\t\t<\/div>\n\t\t<\/section>\n\t\t\t\t<\/div>\n\t\t","protected":false},"excerpt":{"rendered":"<p>Detr\u00e1s de cada repatriaci\u00f3n m\u00e9dica, ya sea en Francia o en el otro lado del mundo, un equipo de expertos atiende sus necesidades los 7 d\u00edas de la semana. Est\u00e1n activos durante todo el proceso y son h\u00e9roes muy eficaces en la sombra, buscando la soluci\u00f3n m\u00e1s adecuada y menos costosa. Siga leyendo para saber [&hellip;]<\/p>\n","protected":false},"author":1,"featured_media":3801,"parent":0,"menu_order":0,"comment_status":"closed","ping_status":"closed","template":"","meta":{"footnotes":""},"class_list":["post-3372","page","type-page","status-publish","has-post-thumbnail","hentry"],"_links":{"self":[{"href":"https:\/\/westindies-assistance.com\/es\/wp-json\/wp\/v2\/pages\/3372","targetHints":{"allow":["GET"]}}],"collection":[{"href":"https:\/\/westindies-assistance.com\/es\/wp-json\/wp\/v2\/pages"}],"about":[{"href":"https:\/\/westindies-assistance.com\/es\/wp-json\/wp\/v2\/types\/page"}],"author":[{"embeddable":true,"href":"https:\/\/westindies-assistance.com\/es\/wp-json\/wp\/v2\/users\/1"}],"replies":[{"embeddable":true,"href":"https:\/\/westindies-assistance.com\/es\/wp-json\/wp\/v2\/comments?post=3372"}],"version-history":[{"count":5,"href":"https:\/\/westindies-assistance.com\/es\/wp-json\/wp\/v2\/pages\/3372\/revisions"}],"predecessor-version":[{"id":4432,"href":"https:\/\/westindies-assistance.com\/es\/wp-json\/wp\/v2\/pages\/3372\/revisions\/4432"}],"wp:featuredmedia":[{"embeddable":true,"href":"https:\/\/westindies-assistance.com\/es\/wp-json\/wp\/v2\/media\/3801"}],"wp:attachment":[{"href":"https:\/\/westindies-assistance.com\/es\/wp-json\/wp\/v2\/media?parent=3372"}],"curies":[{"name":"wp","href":"https:\/\/api.w.org\/{rel}","templated":true}]}}