{"id":3387,"date":"2022-08-30T10:51:22","date_gmt":"2022-08-30T14:51:22","guid":{"rendered":"https:\/\/westindies-assistance.com\/conserjeria-medica\/"},"modified":"2022-11-17T01:45:58","modified_gmt":"2022-11-17T05:45:58","slug":"conserjeria-medica","status":"publish","type":"page","link":"https:\/\/westindies-assistance.com\/es\/conserjeria-medica\/","title":{"rendered":"Conserjer\u00eda m\u00e9dica"},"content":{"rendered":"\t\t<div data-elementor-type=\"wp-page\" data-elementor-id=\"3387\" class=\"elementor elementor-3387 elementor-2121\" data-elementor-post-type=\"page\">\n\t\t\t\t\t\t<section class=\"elementor-section elementor-top-section elementor-element elementor-element-58c23ba container elementor-section-boxed elementor-section-height-default elementor-section-height-default\" data-id=\"58c23ba\" data-element_type=\"section\" data-e-type=\"section\">\n\t\t\t\t\t\t<div class=\"elementor-container elementor-column-gap-extended\">\n\t\t\t\t\t<div class=\"elementor-column elementor-col-100 elementor-top-column elementor-element elementor-element-7800003\" data-id=\"7800003\" data-element_type=\"column\" data-e-type=\"column\">\n\t\t\t<div class=\"elementor-widget-wrap elementor-element-populated\">\n\t\t\t\t\t\t<div class=\"elementor-element elementor-element-5404dae elementor-widget elementor-widget-text-editor\" data-id=\"5404dae\" data-element_type=\"widget\" data-e-type=\"widget\" data-widget_type=\"text-editor.default\">\n\t\t\t\t<div class=\"elementor-widget-container\">\n\t\t\t\t\t\t\t\t\t<h2><strong>Organice su viaje m\u00e9dico a Martinica o Guadalupe<\/strong><\/h2>\n<p>\u00bfEs usted un <strong>paciente<\/strong> situado en el Caribe y se enfrenta a largas listas de espera u otras dificultades para ser tratado en su pa\u00eds? \u00bfEs usted un m\u00e9dico que busca un <strong>conserje m\u00e9dico <\/strong>para planificar el viaje m\u00e9dico de su <strong>paciente?<\/strong><\/p>\n<p>West Indies Assistance es el <strong>socio<\/strong> ideal para acompa\u00f1arle durante <strong>su <\/strong>viaje m\u00e9dico en las islas de Martinica y Guadalupe, as\u00ed como a<strong>nivel internacional<\/strong>.<\/p>\n<p>\u00bfNuestro objetivo? Ayudarle a obtener una atenci\u00f3n sanitaria de calidad y <strong>especialistas altamente cual<\/strong> ificados a lo largo de su <strong>trayectoria<\/strong> sanitaria<strong>.<\/strong><\/p>\n\t\t\t\t\t\t\t\t<\/div>\n\t\t\t\t<\/div>\n\t\t\t\t<section class=\"elementor-section elementor-inner-section elementor-element elementor-element-3d2c37b elementor-section-boxed elementor-section-height-default elementor-section-height-default\" data-id=\"3d2c37b\" data-element_type=\"section\" data-e-type=\"section\">\n\t\t\t\t\t\t<div class=\"elementor-container elementor-column-gap-extended\">\n\t\t\t\t\t<div class=\"elementor-column elementor-col-66 elementor-inner-column elementor-element elementor-element-59d071e\" data-id=\"59d071e\" data-element_type=\"column\" data-e-type=\"column\">\n\t\t\t<div class=\"elementor-widget-wrap elementor-element-populated\">\n\t\t\t\t\t\t<div class=\"elementor-element elementor-element-fbb083a textmodule elementor-widget elementor-widget-text-editor\" data-id=\"fbb083a\" data-element_type=\"widget\" data-e-type=\"widget\" data-widget_type=\"text-editor.default\">\n\t\t\t\t<div class=\"elementor-widget-container\">\n\t\t\t\t\t\t\t\t\t<h3><em><strong>Servicios de conserjer\u00eda m\u00e9dica<\/strong><\/em><\/h3>\n<p>West Indies Assistance, disponible las 24 horas del d\u00eda, 7 d\u00edas a la semana, <strong>ofrece<\/strong> un <strong>servicio de conserjer\u00eda m\u00e9dica <\/strong>que se encargar\u00e1 de la organizaci\u00f3n de su estancia m\u00e9dica de la A a la Z en el Caribe.<\/p>\n<ul>\n<li>Examen de salud y presupuesto m\u00e9dico  <\/li>\n<li>Concertar citas m\u00e9dicas y param\u00e9dicas<\/li>\n<li>Reserva de billetes de avi\u00f3n<\/li>\n<li>Coordinaci\u00f3n de la entrega de medicamentos recetados,<\/li>\n<li>Gesti\u00f3n del ingreso del <strong>paciente<\/strong> en el hospital<\/li>\n<li>Alojamiento y reserva de taxis<\/li>\n<li>Organizaci\u00f3n de <strong>asistencia a domicilio<\/strong> <\/li>\n<\/ul>\n<p>Nuestro <strong>equipo<\/strong> de<strong>expertos<\/strong> le ofrece un verdadero <strong>apoyo <\/strong>para facilitar sus procedimientos m\u00e9dicos.<\/p>\n<p>Antes, durante y despu\u00e9s de su estancia m\u00e9dica, West Indies Assistance hace todo lo posible para ofrecerle un <strong>servicio de<\/strong> calidad que satisfaga plenamente sus <strong>necesidades <\/strong>y expectativas.<\/p>\n\t\t\t\t\t\t\t\t<\/div>\n\t\t\t\t<\/div>\n\t\t\t\t\t<\/div>\n\t\t<\/div>\n\t\t\t\t<div class=\"elementor-column elementor-col-33 elementor-inner-column elementor-element elementor-element-e819f76\" data-id=\"e819f76\" data-element_type=\"column\" data-e-type=\"column\">\n\t\t\t<div class=\"elementor-widget-wrap elementor-element-populated\">\n\t\t\t\t\t\t<div class=\"elementor-element elementor-element-679f158 elementor-widget elementor-widget-image\" data-id=\"679f158\" data-element_type=\"widget\" data-e-type=\"widget\" data-widget_type=\"image.default\">\n\t\t\t\t<div class=\"elementor-widget-container\">\n\t\t\t\t\t\t\t\t\t\t\t\t\t\t\t<img fetchpriority=\"high\" decoding=\"async\" width=\"500\" height=\"850\" src=\"https:\/\/westindies-assistance.com\/wp-content\/uploads\/2022\/10\/Sans-titre.png\" class=\"attachment-large size-large wp-image-4162\" alt=\"\" srcset=\"https:\/\/westindies-assistance.com\/wp-content\/uploads\/2022\/10\/Sans-titre.png 500w, https:\/\/westindies-assistance.com\/wp-content\/uploads\/2022\/10\/Sans-titre-176x300.png 176w\" sizes=\"(max-width: 500px) 100vw, 500px\" \/>\t\t\t\t\t\t\t\t\t\t\t\t\t\t\t<\/div>\n\t\t\t\t<\/div>\n\t\t\t\t\t<\/div>\n\t\t<\/div>\n\t\t\t\t\t<\/div>\n\t\t<\/section>\n\t\t\t\t<section class=\"elementor-section elementor-inner-section elementor-element elementor-element-193a73d elementor-section-boxed elementor-section-height-default elementor-section-height-default\" data-id=\"193a73d\" data-element_type=\"section\" data-e-type=\"section\">\n\t\t\t\t\t\t<div class=\"elementor-container elementor-column-gap-extended\">\n\t\t\t\t\t<div class=\"elementor-column elementor-col-50 elementor-inner-column elementor-element elementor-element-3366aed\" data-id=\"3366aed\" data-element_type=\"column\" data-e-type=\"column\">\n\t\t\t<div class=\"elementor-widget-wrap elementor-element-populated\">\n\t\t\t\t\t\t<div class=\"elementor-element elementor-element-b066883 elementor-widget elementor-widget-text-editor\" data-id=\"b066883\" data-element_type=\"widget\" data-e-type=\"widget\" data-widget_type=\"text-editor.default\">\n\t\t\t\t<div class=\"elementor-widget-container\">\n\t\t\t\t\t\t\t\t\t<h3><em><strong>Transporte m\u00e9dico y log\u00edstica<\/strong><\/em><\/h3>\n<p>West Indies Assistance ofrece un servicio <strong>de transporte<\/strong> personalizado seg\u00fan sus necesidades y su estado de salud: ambulancia a\u00e9rea, vuelo comercial con o sin camilla, transporte de cama a cama.<\/p>\n<p>Para los vuelos de corta y media distancia a las islas, West Indies Assistance proporciona aviones y escoltas m\u00e9dicas, u organiza su viaje en avi\u00f3n si es posible.<\/p>\n<p>West Indies Assistance es su contacto para todas sus necesidades de viaje, desde el aeropuerto hasta su<strong>alojamiento <\/strong>y desde su punto de encuentro.<\/p>\n\t\t\t\t\t\t\t\t<\/div>\n\t\t\t\t<\/div>\n\t\t\t\t\t<\/div>\n\t\t<\/div>\n\t\t\t\t<div class=\"elementor-column elementor-col-50 elementor-inner-column elementor-element elementor-element-ee0c8fc\" data-id=\"ee0c8fc\" data-element_type=\"column\" data-e-type=\"column\">\n\t\t\t<div class=\"elementor-widget-wrap elementor-element-populated\">\n\t\t\t\t\t\t<div class=\"elementor-element elementor-element-e336635 elementor-widget elementor-widget-text-editor\" data-id=\"e336635\" data-element_type=\"widget\" data-e-type=\"widget\" data-widget_type=\"text-editor.default\">\n\t\t\t\t<div class=\"elementor-widget-container\">\n\t\t\t\t\t\t\t\t\t<h3><em><strong>Vivienda<\/strong><\/em><\/h3>\n<p>En lo que respecta al<strong>alojamiento<\/strong>, West Indies Assistance ofrece varios establecimientos <strong>asociados<\/strong> y le orienta para que elija el que mejor se adapte a sus expectativas.<\/p>\n<p>Cada uno de los <strong>alojamientos<\/strong> ofrecidos est\u00e1 estrat\u00e9gicamente situado para su viaje m\u00e9dico, normalmente cerca del hospital o la <strong>cl\u00ednica<\/strong> en la que se aloja.<\/p>\n\t\t\t\t\t\t\t\t<\/div>\n\t\t\t\t<\/div>\n\t\t\t\t\t<\/div>\n\t\t<\/div>\n\t\t\t\t\t<\/div>\n\t\t<\/section>\n\t\t\t\t<section class=\"elementor-section elementor-inner-section elementor-element elementor-element-f541c1e elementor-section-full_width elementor-section-height-default elementor-section-height-default\" data-id=\"f541c1e\" data-element_type=\"section\" data-e-type=\"section\">\n\t\t\t\t\t\t<div class=\"elementor-container elementor-column-gap-default\">\n\t\t\t\t\t<div class=\"elementor-column elementor-col-100 elementor-inner-column elementor-element elementor-element-06d930a\" data-id=\"06d930a\" data-element_type=\"column\" data-e-type=\"column\">\n\t\t\t<div class=\"elementor-widget-wrap elementor-element-populated\">\n\t\t\t\t\t\t<div class=\"elementor-element elementor-element-be050a5 elementor-cta--skin-cover elementor-widget elementor-widget-call-to-action\" data-id=\"be050a5\" data-element_type=\"widget\" data-e-type=\"widget\" data-widget_type=\"call-to-action.default\">\n\t\t\t\t<div class=\"elementor-widget-container\">\n\t\t\t\t\t\t\t<div class=\"elementor-cta\">\n\t\t\t\t\t<div class=\"elementor-cta__bg-wrapper\">\n\t\t\t\t<div class=\"elementor-cta__bg elementor-bg lazyload\" style=\"background-image:inherit;\" role=\"img\" aria-label=\"medical conciergerie\" data-bg-image=\"url(https:\/\/westindies-assistance.com\/wp-content\/uploads\/2022\/10\/medical-conciergerie-1170x420.png)\"><\/div>\n\t\t\t\t<div class=\"elementor-cta__bg-overlay\"><\/div>\n\t\t\t<\/div>\n\t\t\t\t\t\t\t<div class=\"elementor-cta__content\">\n\t\t\t\t\n\t\t\t\t\t\t\t\t\t<h2 class=\"elementor-cta__title elementor-cta__content-item elementor-content-item\">\n\t\t\t\t\t\tORGANICE SU VIAJE AL EXTRANJERO\t\t\t\t\t<\/h2>\n\t\t\t\t\n\t\t\t\t\t\t\t\t\t<div class=\"elementor-cta__description elementor-cta__content-item elementor-content-item\">\n\t\t\t\t\t\t<p>En caso de necesidad, West Indies Assistance organiza su viaje m\u00e9dico internacional en Europa, especialmente en Par\u00eds, Francia.<br \/>\nNuestro servicio de conserjer\u00eda m\u00e9dica cuenta con una red de m\u00e9dicos especialistas en todo el mundo.<\/p>\n<p>P\u00f3ngase en contacto con West Indies Assistance lo antes posible. Nuestros expertos podr\u00e1n satisfacer sus necesidades.<\/p>\n\t\t\t\t\t<\/div>\n\t\t\t\t\n\t\t\t\t\t\t\t\t\t<div class=\"elementor-cta__button-wrapper elementor-cta__content-item elementor-content-item \">\n\t\t\t\t\t<a class=\"elementor-cta__button elementor-button elementor-size-md\" href=\"https:\/\/westindies-assistance.com\/es\/contacte-con\/\">\n\t\t\t\t\t\tContacto con nosotros\t\t\t\t\t<\/a>\n\t\t\t\t\t<\/div>\n\t\t\t\t\t\t\t<\/div>\n\t\t\t\t\t\t<\/div>\n\t\t\t\t\t\t<\/div>\n\t\t\t\t<\/div>\n\t\t\t\t\t<\/div>\n\t\t<\/div>\n\t\t\t\t\t<\/div>\n\t\t<\/section>\n\t\t\t\t<div class=\"elementor-element elementor-element-68216f1 elementor-widget elementor-widget-text-editor\" data-id=\"68216f1\" data-element_type=\"widget\" data-e-type=\"widget\" data-widget_type=\"text-editor.default\">\n\t\t\t\t<div class=\"elementor-widget-container\">\n\t\t\t\t\t\t\t\t\t<h2><strong>\u00bfQu\u00e9 puede hacer por usted el Conserje M\u00e9dico del Caribe?<\/strong><\/h2>\n<p>Chequeo m\u00e9dico, consulta m\u00e9dica, segunda opini\u00f3n m\u00e9dica, tratamiento, cirug\u00eda, descubra c\u00f3mo nuestro <strong>conserje<\/strong> m\u00e9dico puede acompa\u00f1arle en la cuenca del Caribe.<\/p>\n\t\t\t\t\t\t\t\t<\/div>\n\t\t\t\t<\/div>\n\t\t\t\t<div class=\"elementor-element elementor-element-1dd5fbe elementor-widget elementor-widget-text-editor\" data-id=\"1dd5fbe\" data-element_type=\"widget\" data-e-type=\"widget\" data-widget_type=\"text-editor.default\">\n\t\t\t\t<div class=\"elementor-widget-container\">\n\t\t\t\t\t\t\t\t\t<h3><strong>Consulta m\u00e9dica<\/strong><\/h3>\n<p>Utilice nuestro <strong>servicio de conserjer\u00eda m\u00e9dica<\/strong> para una consulta con uno de los mejores y m\u00e1s cualificados <strong>especialistas<\/strong> m\u00e9dicos de Martinica o Guadalupe.<\/p>\n<p>En el caso de una consulta inicial, o de una segunda opini\u00f3n m\u00e9dica para confirmar un <strong>diagn\u00f3stico<\/strong> inicial, West Indies Assistance <strong>pagar\u00e1<\/strong> toda su estancia.<\/p>\n<p>Contamos con <strong>especialistas <\/strong>que se encargar\u00e1n de su <strong>diagn\u00f3stico <\/strong>m\u00e9dico en diversos campos como la cardiolog\u00eda, la ginecolog\u00eda, la gastroenterolog\u00eda, la neurolog\u00eda, la oncolog\u00eda, la oftalmolog\u00eda, la ortopedia, la urolog\u00eda y la pediatr\u00eda, entre otros.<\/p>\n<p>\u00bfNecesita informaci\u00f3n sobre el curso de una consulta m\u00e9dica seg\u00fan su <strong>patolog\u00eda?<\/strong> P\u00f3ngase en contacto con el equipo de asistencia de las Indias Occidentales.<\/p>\n\t\t\t\t\t\t\t\t<\/div>\n\t\t\t\t<\/div>\n\t\t\t\t<div class=\"elementor-element elementor-element-636f8ce elementor-widget elementor-widget-text-editor\" data-id=\"636f8ce\" data-element_type=\"widget\" data-e-type=\"widget\" data-widget_type=\"text-editor.default\">\n\t\t\t\t<div class=\"elementor-widget-container\">\n\t\t\t\t\t\t\t\t\t<h3><strong>Tratamiento<\/strong><\/h3>\n<p>Su salud es una prioridad, por lo que nuestro servicio de conserjer\u00eda m\u00e9dica se ha rodeado de <strong>socios<\/strong> m\u00e9dicos de referencia en toda la cuenca del Caribe.<\/p>\n<p>De este modo, West Indies Assistance puede ofrecer a sus <strong>pacientes <\/strong>diferentes tipos de tratamiento y atenci\u00f3n m\u00e9dica.<\/p>\n<p>Sea cual sea el tratamiento que necesite, podemos satisfacer sus <strong>necesidades <\/strong>(por ejemplo, un centro de di\u00e1lisis o de radioterapia).<\/p>\n\t\t\t\t\t\t\t\t<\/div>\n\t\t\t\t<\/div>\n\t\t\t\t<section class=\"elementor-section elementor-inner-section elementor-element elementor-element-b6da436 elementor-section-boxed elementor-section-height-default elementor-section-height-default\" data-id=\"b6da436\" data-element_type=\"section\" data-e-type=\"section\">\n\t\t\t\t\t\t<div class=\"elementor-container elementor-column-gap-extended\">\n\t\t\t\t\t<div class=\"elementor-column elementor-col-66 elementor-inner-column elementor-element elementor-element-62d9579\" data-id=\"62d9579\" data-element_type=\"column\" data-e-type=\"column\">\n\t\t\t<div class=\"elementor-widget-wrap elementor-element-populated\">\n\t\t\t\t\t\t<div class=\"elementor-element elementor-element-3b628db textmodule elementor-widget elementor-widget-text-editor\" data-id=\"3b628db\" data-element_type=\"widget\" data-e-type=\"widget\" data-widget_type=\"text-editor.default\">\n\t\t\t\t<div class=\"elementor-widget-container\">\n\t\t\t\t\t\t\t\t\t<h3><em><strong>Cirug\u00eda<\/strong><\/em><\/h3>\n<p>West Indies Assistance le <strong>proporciona <\/strong>una completa agenda de direcciones para sus intervenciones quir\u00fargicas en Martinica y Guadalupe.<\/p>\n<ul>\n<li>Cirug\u00eda ortop\u00e9dica,<\/li>\n<li>Cirug\u00eda pedi\u00e1trica,<\/li>\n<li>Cirug\u00eda vascular,<\/li>\n<li>Cirug\u00eda digestiva,<\/li>\n<li>La cirug\u00eda de tiroides&#8230;<\/li>\n<\/ul>\n<p>P\u00f3ngase en contacto con nosotros con su solicitud y nuestro <strong>conserje m\u00e9dico<\/strong> de West Indies Assistance le guiar\u00e1 a lo largo del proceso de cirug\u00eda en una isla del Caribe.<\/p>\n\t\t\t\t\t\t\t\t<\/div>\n\t\t\t\t<\/div>\n\t\t\t\t\t<\/div>\n\t\t<\/div>\n\t\t\t\t<div class=\"elementor-column elementor-col-33 elementor-inner-column elementor-element elementor-element-a2d5259\" data-id=\"a2d5259\" data-element_type=\"column\" data-e-type=\"column\">\n\t\t\t<div class=\"elementor-widget-wrap elementor-element-populated\">\n\t\t\t\t\t\t<div class=\"elementor-element elementor-element-8a4eefe elementor-widget elementor-widget-image\" data-id=\"8a4eefe\" data-element_type=\"widget\" data-e-type=\"widget\" data-widget_type=\"image.default\">\n\t\t\t\t<div class=\"elementor-widget-container\">\n\t\t\t\t\t\t\t\t\t\t\t\t\t\t\t<img decoding=\"async\" width=\"500\" height=\"600\" data-src=\"https:\/\/westindies-assistance.com\/wp-content\/uploads\/2022\/10\/chirurgie-medicale-2.jpg\" class=\"attachment-large size-large wp-image-4173 lazyload\" alt=\"\" data-srcset=\"https:\/\/westindies-assistance.com\/wp-content\/uploads\/2022\/10\/chirurgie-medicale-2.jpg 500w, https:\/\/westindies-assistance.com\/wp-content\/uploads\/2022\/10\/chirurgie-medicale-2-250x300.jpg 250w, https:\/\/westindies-assistance.com\/wp-content\/uploads\/2022\/10\/chirurgie-medicale-2-370x445.jpg 370w\" data-sizes=\"(max-width: 500px) 100vw, 500px\" src=\"data:image\/svg+xml;base64,PHN2ZyB3aWR0aD0iMSIgaGVpZ2h0PSIxIiB4bWxucz0iaHR0cDovL3d3dy53My5vcmcvMjAwMC9zdmciPjwvc3ZnPg==\" style=\"--smush-placeholder-width: 500px; --smush-placeholder-aspect-ratio: 500\/600;\" \/>\t\t\t\t\t\t\t\t\t\t\t\t\t\t\t<\/div>\n\t\t\t\t<\/div>\n\t\t\t\t\t<\/div>\n\t\t<\/div>\n\t\t\t\t\t<\/div>\n\t\t<\/section>\n\t\t\t\t<section class=\"elementor-section elementor-inner-section elementor-element elementor-element-ef7bf5e elementor-section-boxed elementor-section-height-default elementor-section-height-default\" data-id=\"ef7bf5e\" data-element_type=\"section\" data-e-type=\"section\">\n\t\t\t\t\t\t<div class=\"elementor-container elementor-column-gap-extended\">\n\t\t\t\t\t<div class=\"elementor-column elementor-col-100 elementor-inner-column elementor-element elementor-element-bf20300\" data-id=\"bf20300\" data-element_type=\"column\" data-e-type=\"column\">\n\t\t\t<div class=\"elementor-widget-wrap elementor-element-populated\">\n\t\t\t\t\t\t<div class=\"elementor-element elementor-element-f196754 elementor-widget elementor-widget-heading\" data-id=\"f196754\" data-element_type=\"widget\" data-e-type=\"widget\" data-widget_type=\"heading.default\">\n\t\t\t\t<div class=\"elementor-widget-container\">\n\t\t\t\t\t<h2 class=\"elementor-heading-title elementor-size-default\">Turismo m\u00e9dico en Martinica y Guadalupe<\/h2>\t\t\t\t<\/div>\n\t\t\t\t<\/div>\n\t\t\t\t\t<\/div>\n\t\t<\/div>\n\t\t\t\t\t<\/div>\n\t\t<\/section>\n\t\t\t\t<section class=\"elementor-section elementor-inner-section elementor-element elementor-element-7ac3201 elementor-section-boxed elementor-section-height-default elementor-section-height-default\" data-id=\"7ac3201\" data-element_type=\"section\" data-e-type=\"section\">\n\t\t\t\t\t\t<div class=\"elementor-container elementor-column-gap-extended\">\n\t\t\t\t\t<div class=\"elementor-column elementor-col-50 elementor-inner-column elementor-element elementor-element-c59aab4\" data-id=\"c59aab4\" data-element_type=\"column\" data-e-type=\"column\">\n\t\t\t<div class=\"elementor-widget-wrap elementor-element-populated\">\n\t\t\t\t\t\t<div class=\"elementor-element elementor-element-dc08f4c elementor-view-default elementor-widget elementor-widget-icon\" data-id=\"dc08f4c\" data-element_type=\"widget\" data-e-type=\"widget\" data-widget_type=\"icon.default\">\n\t\t\t\t<div class=\"elementor-widget-container\">\n\t\t\t\t\t\t\t<div class=\"elementor-icon-wrapper\">\n\t\t\t<div class=\"elementor-icon\">\n\t\t\t<i aria-hidden=\"true\" class=\"fas fa-hand-holding-heart\"><\/i>\t\t\t<\/div>\n\t\t<\/div>\n\t\t\t\t\t\t<\/div>\n\t\t\t\t<\/div>\n\t\t\t\t<div class=\"elementor-element elementor-element-75d9ead textmodule elementor-widget elementor-widget-text-editor\" data-id=\"75d9ead\" data-element_type=\"widget\" data-e-type=\"widget\" data-widget_type=\"text-editor.default\">\n\t\t\t\t<div class=\"elementor-widget-container\">\n\t\t\t\t\t\t\t\t\t<h3><em><strong>West Indies Assistance, su socio sanitario  <\/strong><\/em><\/h3>\n<p>Al elegir West Indies Assistance <strong>medical<\/strong> <strong>concierge<\/strong>, usted se beneficia de :<\/p>\n<ul>\n<li>M\u00e1s de 15 a\u00f1os de experiencia y conocimientos;<\/li>\n<li>una lista de socios de confianza para su transporte y alojamiento;<\/li>\n<li>Asistencia las 24 horas del d\u00eda, los 7 d\u00edas de la semana, con un alto nivel de respuesta,<\/li>\n<li>profesionales sanitarios <strong>altamente<\/strong> cualificados, <strong>expertos<\/strong> en su campo, sea cual sea su patolog\u00eda;<\/li>\n<li>un acompa\u00f1amiento completo y personalizado durante toda su estancia;<\/li>\n<li>el respeto y el <strong>secreto m\u00e9dico<\/strong> absoluto.<\/li>\n<\/ul>\n\t\t\t\t\t\t\t\t<\/div>\n\t\t\t\t<\/div>\n\t\t\t\t\t<\/div>\n\t\t<\/div>\n\t\t\t\t<div class=\"elementor-column elementor-col-50 elementor-inner-column elementor-element elementor-element-df55d4e\" data-id=\"df55d4e\" data-element_type=\"column\" data-e-type=\"column\">\n\t\t\t<div class=\"elementor-widget-wrap elementor-element-populated\">\n\t\t\t\t\t\t<div class=\"elementor-element elementor-element-1b85a76 elementor-view-default elementor-widget elementor-widget-icon\" data-id=\"1b85a76\" data-element_type=\"widget\" data-e-type=\"widget\" data-widget_type=\"icon.default\">\n\t\t\t\t<div class=\"elementor-widget-container\">\n\t\t\t\t\t\t\t<div class=\"elementor-icon-wrapper\">\n\t\t\t<div class=\"elementor-icon\">\n\t\t\t<i aria-hidden=\"true\" class=\"fas fa-hotel\"><\/i>\t\t\t<\/div>\n\t\t<\/div>\n\t\t\t\t\t\t<\/div>\n\t\t\t\t<\/div>\n\t\t\t\t<div class=\"elementor-element elementor-element-6c2e0f5 elementor-widget elementor-widget-text-editor\" data-id=\"6c2e0f5\" data-element_type=\"widget\" data-e-type=\"widget\" data-widget_type=\"text-editor.default\">\n\t\t\t\t<div class=\"elementor-widget-container\">\n\t\t\t\t\t\t\t\t\t<h3><em><strong>Nuestra red de conserjes sanitarios<\/strong><\/em><\/h3>\n<p>West Indies Assistance pone a <strong>disposici\u00f3n<\/strong> de sus pacientes una red de socios m\u00e9dicos como <strong>cl\u00ednicas<\/strong>, hospitales, laboratorios y centros de investigaci\u00f3n en toda la cuenca del Caribe y a<strong>nivel internacional <\/strong>.  <\/p>\n<p>Los pacientes con c\u00e1ncer pueden recibir tratamiento en el<strong>Hospital<\/strong> Albert Clarac de Martinica, que incluye tomoterapia y quimioterapia. Otros pacientes tienen la posibilidad de ser tratados en el hospital universitario de Guadalupe o Martinica (respectivamente C.H.U.G y C.H.U.M), o en una <strong>cl\u00ednica<\/strong> privada de su elecci\u00f3n.<\/p>\n<p>Como territorio franc\u00e9s, los pacientes europeos pueden utilizar su tarjeta sanitaria europea en las diferentes U.C.S.<\/p>\n\t\t\t\t\t\t\t\t<\/div>\n\t\t\t\t<\/div>\n\t\t\t\t\t<\/div>\n\t\t<\/div>\n\t\t\t\t\t<\/div>\n\t\t<\/section>\n\t\t\t\t\t<\/div>\n\t\t<\/div>\n\t\t\t\t\t<\/div>\n\t\t<\/section>\n\t\t\t\t<\/div>\n\t\t","protected":false},"excerpt":{"rendered":"<p>Organice su viaje m\u00e9dico a Martinica o Guadalupe \u00bfEs usted un paciente situado en el Caribe y se enfrenta a largas listas de espera u otras dificultades para ser tratado en su pa\u00eds? \u00bfEs usted un m\u00e9dico que busca un conserje m\u00e9dico para planificar el viaje m\u00e9dico de su paciente? West Indies Assistance es el [&hellip;]<\/p>\n","protected":false},"author":1,"featured_media":4170,"parent":0,"menu_order":0,"comment_status":"closed","ping_status":"closed","template":"","meta":{"footnotes":""},"class_list":["post-3387","page","type-page","status-publish","has-post-thumbnail","hentry"],"_links":{"self":[{"href":"https:\/\/westindies-assistance.com\/es\/wp-json\/wp\/v2\/pages\/3387","targetHints":{"allow":["GET"]}}],"collection":[{"href":"https:\/\/westindies-assistance.com\/es\/wp-json\/wp\/v2\/pages"}],"about":[{"href":"https:\/\/westindies-assistance.com\/es\/wp-json\/wp\/v2\/types\/page"}],"author":[{"embeddable":true,"href":"https:\/\/westindies-assistance.com\/es\/wp-json\/wp\/v2\/users\/1"}],"replies":[{"embeddable":true,"href":"https:\/\/westindies-assistance.com\/es\/wp-json\/wp\/v2\/comments?post=3387"}],"version-history":[{"count":5,"href":"https:\/\/westindies-assistance.com\/es\/wp-json\/wp\/v2\/pages\/3387\/revisions"}],"predecessor-version":[{"id":4464,"href":"https:\/\/westindies-assistance.com\/es\/wp-json\/wp\/v2\/pages\/3387\/revisions\/4464"}],"wp:featuredmedia":[{"embeddable":true,"href":"https:\/\/westindies-assistance.com\/es\/wp-json\/wp\/v2\/media\/4170"}],"wp:attachment":[{"href":"https:\/\/westindies-assistance.com\/es\/wp-json\/wp\/v2\/media?parent=3387"}],"curies":[{"name":"wp","href":"https:\/\/api.w.org\/{rel}","templated":true}]}}